{"id":110,"date":"2022-04-25T10:43:11","date_gmt":"2022-04-25T13:43:11","guid":{"rendered":"https:\/\/imunibraz.com.br\/portal\/?page_id=110"},"modified":"2022-04-25T10:43:29","modified_gmt":"2022-04-25T13:43:29","slug":"a-empresa","status":"publish","type":"page","link":"https:\/\/imunibraz.com.br\/portal\/a-empresa\/","title":{"rendered":"A empresa"},"content":{"rendered":"\n<p><strong>APRESENTA\u00c7\u00c3O<\/strong><\/p>\n\n\n\n<p>A EMPRESA IMUNI-BRAZ- DEDETIZA\u00c7\u00c3O COMERCIAL LTDA- EXISTE NO MERCADO DESDE 1969, FOI CRIADA PARA GARANTIR O BEM ESTAR DA POPULA\u00c7\u00c3O E DAS ORGANIZA\u00c7\u00d5ES. H\u00c1 MAIS DE 44 ANOS CONTRIBUINDO SIGNICATIVAMENTE COM O CONTROLE DE PRAGAS URBANAS, OFERECENDO SERVI\u00c7OS E SOLU\u00c7\u00d5ES INTEGRADAS A SEUS CLIENTES, GARANTINDO QUALIDADE TRANQUILIDADE E EFIC\u00c1CIA.<\/p>\n\n\n\n<p>A EMPRESA PARTICIPOU COMO EXPOSITORA NA FIPAN 2004 E 2010 DA FEIRA INTERNACIONAL DA PANIFICA\u00c7\u00c3O CONFEITARIA E DO VAREJO INDEPENDENTE DE ALIMENTOS.<\/p>\n\n\n\n<p>A IMUNI-BRAZ, DISP\u00d5E DE T\u00c9CNICOS TREINADOS E PREPARADOS PARA ATENDER E COMBATER OS DIVERSOS TIPOS DE PRAGAS EM V\u00c1RIOS AMBIENTES. PRESTAMOS ATENDIMENTO EM EMPREENDIMENTOS DO RAMO ALIMENT\u00cdCIOS, SUPERMERCADOS, TRANSPORTADORAS, RESTAURANTES, ESCOLAS, RESID\u00caNCIAS E PADARIAS. O NOSSO OBJETIVO PRINCIPAL \u00c9 FAZER UM BOM TRABALHO PARA ATENDERMOS BEM OS CLIENTES. GARANTINDO UM SERVI\u00c7O DE QUALIDADE, PONTUALIDADE E PRICIPALMENTE A CONFIAN\u00c7A NO QUE FAZEMOS.<\/p>\n\n\n\n<p><strong>ATIVIDADE<\/strong><\/p>\n\n\n\n<p>&nbsp;A EMPRESA IMUNI-BRAZ VEM DESENVOLVENDO UM GRANDE TRABALHO NO MERCADO. TEMOS A CONSCI\u00caNCIA DE QUE EXECUTAMOS UM BOM SERVI\u00c7O JUNTO AOS PARCEIROS DE NEGOCIOS. PARA NOSSOS CLIENTES N\u00c3O ADIANTA APENAS APLICAR O PRODUTO PARA EXTERMINAR BARATAS, RATOS OU DETERMINADAS PRAGAS. \u201cO IMPORTANTE \u00c9 DAR ORIENTA\u00c7\u00c3O\u201d. \u00c9 PRECISO HAVER A PARCERIA PARA QUE O RESULTADO SEJA SATISFAT\u00c1RIO. NOSSA EQUIPE ESTA TREINADA PARA SOLUCIONAR OS PROBLEMAS.<\/p>\n\n\n\n<p>&nbsp;OS NOSSOS COLABORADORES EST\u00c3O MENSALMENTE REALIZANDO CURSOS E TREINAMENTOS PARA APRIMORAR CONHECIMENTO.<\/p>\n\n\n\n<p>&nbsp;CONTROLE DE POPULA\u00c7\u00d5ES RESISTENTES DE BLATTELLA GERMANICA,CONTROLE INTEGRADO DE BARATAS, FORMIGAS,CUPINS E ROEDORES,BIOLOGIA, COMPORTAMENTO E CONTROLE DE ROEDORES, COMPORTAMENTO E CONTROLE DE CUPINS ( MADEIRA SECA E&nbsp; SUBTERR\u00c2NEO) E OUTROS. A QUALIDADE DO PRODUTO O CONHECIMENTO NA REALIZA\u00c7\u00c3O DOS SERVI\u00c7OS \u00c9 FUNDAMENTAL PARA O CONTROLE EFICAZ DA QUAL N\u00d3S NOS COMPROMETEMOS COM OS NOSSOS CLIENTES.<\/p>\n\n\n\n<p><strong>DESINSETIZA\u00c7\u00c3O<\/strong><\/p>\n\n\n\n<p>CONTROLE INTEGRADO DOS INSETOS RASTEIROS E VOADORES, REALIZAMOS ESSES SERVI\u00c7OS DE DEDETIZA\u00c7\u00c3O&nbsp;&nbsp; AP\u00d3S FAZER UM A VISTORIA NO LOCAL E EDENTIFICAR QUAL O INSETO SE ENCONTRA, DEFINIMOS A METODOLOGIA DE APLICA\u00c7\u00c3O E PRODUTOS QUE IREMOS REALMENTE UTILIZAR.<strong><\/strong><\/p>\n\n\n\n<p><strong>DESRATIZA\u00c7\u00c3O<\/strong><\/p>\n\n\n\n<p>COM RELA\u00c7\u00c3O A DESRATIZA\u00c7\u00c3O A PREOCUPA\u00c7\u00c3O DA EMPRESA, \u00c9 COMBATERMOS DE FORMA EFICIENTE MANIFESTA\u00c7\u00d5ES DE ROEDORES EM SEUS ESTABELECIMENTOS COMO: COL\u00c9GIOS, SUPERMERCADOS, PANIFICADORAS, TRANSPORTADORAS E OUTROS.&nbsp; UTILIZAMOS PRODUTOS DE BOA QUALIDADE E MARCAS EXCELENTES NO MERCADO FAZEMOS UM VISTORIA NO AMBIENTE E APLICAMOS A METODOLOGIA DE TRABALHO COM NOSSA EQUIPE DE T\u00c9CNICOS TREINADOS PARA EXECU\u00c7\u00c3O DO SERVI\u00c7O COM QUALIDADE, CUIDANDO DA SUA SA\u00daDE E DO MEIO AMBIENTE.<\/p>\n\n\n\n<p><strong>DESCUPINIZA\u00c7\u00c3O<\/strong><\/p>\n\n\n\n<p>NA DESCUPINIZA\u00c7\u00c3O OS T\u00c9CNICOS FAZEM UMA AN\u00c1LISE ONDE INDETIFICAM O PROBLEMA EXISTENTE, ENT\u00c3O A METODOLOGIA UTILIZADA NO LOCAL SOBRE O TIPO DE CUPIM QUE EST\u00c1 LHE TRAZENDO PREJUIZOS, DIRECIONAREMOS O TIPO DE TRATAMENTO QUE DEVER\u00c1 SER USADO, ATRAV\u00c9S DOS NOSSOS EQUIPAMENTOS DE USO PROFISSIONAL ADEQUADO.<\/p>\n\n\n\n<p>TODOS OS PRODUTOS UTILIZADOS S\u00c3O AUTORIZADOS PELA VIGIL\u00c2NCIA SANIT\u00c1RI (ANVISA), PARA QUE POSSAMOS TRATAR O PROBLEMA COM SEGURAN\u00c7A E EFIC\u00c1CIA.<ins><\/ins><\/p>\n\n\n\n<p><strong>LIMPEZA DE CAIXA D` \u00c1GUA<\/strong><\/p>\n\n\n\n<p>LIMPEZA E HIGIENIZA\u00c7\u00c3O, \u00c9 FEITO DE SEIS EM SEIS MESES NAS CAIXAS E RESERVAT\u00d3RIOS PARA GARANTIR A BOA QUALIDADE DE \u00c1GUA E PRESERVAR A SA\u00daDE DAS PESSOAS.<\/p>\n\n\n\n<p><strong>CONCLUS\u00c3O<\/strong><\/p>\n\n\n\n<p>TENDO EM VISTA OS ASPECTOS OBSERVADOS A EMPRESA IMUNI-BRAZ- DEDETIZA\u00c7\u00c3O COMERCIAL LTDA. TEM CONSCI\u00caNCIA DE ESTAR FAZENDO UM GRANDE TRABALHO DE QUALIDADE E MUITA RESPANSABILIDADE JUNTO AOS PANIFICADORES, REDES DE SUPERMERCADOS, ESCOLAS, TRANSPORTADORAS E OUTROS ESTABELECIMENTOS. T\u00c9CNICOS S\u00c3O CAPACITADOS PARA PRESTAR SERVI\u00c7O COM QUALIDADE E EFICI\u00caNCIA.<\/p>\n\n\n\n<p><strong>REFER\u00caNCIAS COMERCIAIS<\/strong><\/p>\n\n\n\n<p><strong>PARCEIROS DE NEG\u00d3CIOS<\/strong><\/p>\n\n\n\n<p><strong>&#8211;<\/strong>Mariap\u00f3lis Ginetta<\/p>\n\n\n\n<p>&#8211; REDE PL\u00daS SUPERMERCADOS<\/p>\n\n\n\n<p>&#8211; Saslog transportadora<\/p>\n\n\n\n<p>&#8211; SUPERMERCADOS TAKARA E CIA<\/p>\n\n\n\n<p>&#8211; SUPERMERCADOS HIGA;<\/p>\n\n\n\n<p>&#8211; SCAPIOLI TRANSPORTADORA;<\/p>\n\n\n\n<p>&#8211; REDE FARTO DROGARIAS;<\/p>\n\n\n\n<p>&#8211; PADARIA E CONFEITARIA SANTA MARCELINA;<\/p>\n\n\n\n<p><strong>PARTICIPA\u00c7\u00d5ES DA EMPRESA EM EVENTOS DE NEG\u00d3CIOS<\/strong><\/p>\n\n\n\n<p>CONGRESSO EDC (economia de comunh\u00e3o) 1999<\/p>\n\n\n\n<p>ENCONTRO DE NEG\u00d3CIOS SEBRAE 2000<\/p>\n\n\n\n<p>CONGRESSO EDC 2001<\/p>\n\n\n\n<p>FEIRA INTERNACIONAL FIPAN EXPOSITOR 2004<\/p>\n\n\n\n<p>ENCONTRO DE EMPRES\u00c1RIOS SEBRAE 2005<\/p>\n\n\n\n<p>CONGRESSO EDC 2006<\/p>\n\n\n\n<p>FEIRA INTERNACIONAL FIPAN EXPOSITOR 2010<\/p>\n\n\n\n<p><strong>CONTATO<\/strong><\/p>\n\n\n\n<p>11-3857.7184<\/p>\n\n\n\n<p><a href=\"mailto:imunibraz@ig.com.br\">imunibraz@ig.com.br<\/a><\/p>\n","protected":false},"excerpt":{"rendered":"<p>APRESENTA\u00c7\u00c3O A EMPRESA IMUNI-BRAZ- DEDETIZA\u00c7\u00c3O COMERCIAL LTDA- EXISTE NO MERCADO DESDE 1969, FOI CRIADA PARA GARANTIR O BEM ESTAR DA POPULA\u00c7\u00c3O E DAS ORGANIZA\u00c7\u00d5ES. H\u00c1 MAIS DE 44 ANOS CONTRIBUINDO SIGNICATIVAMENTE COM O CONTROLE DE PRAGAS URBANAS, OFERECENDO SERVI\u00c7OS E SOLU\u00c7\u00d5ES INTEGRADAS A SEUS CLIENTES, GARANTINDO QUALIDADE TRANQUILIDADE E EFIC\u00c1CIA. A EMPRESA PARTICIPOU COMO EXPOSITORA [&hellip;]<\/p>\n","protected":false},"author":1,"featured_media":0,"parent":0,"menu_order":0,"comment_status":"closed","ping_status":"closed","template":"template-fullwidth.php","meta":{"footnotes":""},"class_list":["post-110","page","type-page","status-publish","hentry"],"yoast_head":"<!-- This site is optimized with the Yoast SEO plugin v27.3 - https:\/\/yoast.com\/product\/yoast-seo-wordpress\/ -->\n<title>A empresa - Imunibraz<\/title>\n<meta name=\"robots\" content=\"index, follow, max-snippet:-1, max-image-preview:large, max-video-preview:-1\" \/>\n<link rel=\"canonical\" href=\"https:\/\/imunibraz.com.br\/portal\/a-empresa\/\" \/>\n<meta property=\"og:locale\" content=\"pt_BR\" \/>\n<meta property=\"og:type\" content=\"article\" \/>\n<meta property=\"og:title\" content=\"A empresa - Imunibraz\" \/>\n<meta property=\"og:description\" content=\"APRESENTA\u00c7\u00c3O A EMPRESA IMUNI-BRAZ- DEDETIZA\u00c7\u00c3O COMERCIAL LTDA- EXISTE NO MERCADO DESDE 1969, FOI CRIADA PARA GARANTIR O BEM ESTAR DA POPULA\u00c7\u00c3O E DAS ORGANIZA\u00c7\u00d5ES. H\u00c1 MAIS DE 44 ANOS CONTRIBUINDO SIGNICATIVAMENTE COM O CONTROLE DE PRAGAS URBANAS, OFERECENDO SERVI\u00c7OS E SOLU\u00c7\u00d5ES INTEGRADAS A SEUS CLIENTES, GARANTINDO QUALIDADE TRANQUILIDADE E EFIC\u00c1CIA. A EMPRESA PARTICIPOU COMO EXPOSITORA [&hellip;]\" \/>\n<meta property=\"og:url\" content=\"https:\/\/imunibraz.com.br\/portal\/a-empresa\/\" \/>\n<meta property=\"og:site_name\" content=\"Imunibraz\" \/>\n<meta property=\"article:modified_time\" content=\"2022-04-25T13:43:29+00:00\" \/>\n<meta name=\"twitter:card\" content=\"summary_large_image\" \/>\n<meta name=\"twitter:label1\" content=\"Est. tempo de leitura\" \/>\n\t<meta name=\"twitter:data1\" content=\"4 minutos\" \/>\n<script type=\"application\/ld+json\" class=\"yoast-schema-graph\">{\"@context\":\"https:\\\/\\\/schema.org\",\"@graph\":[{\"@type\":\"WebPage\",\"@id\":\"https:\\\/\\\/imunibraz.com.br\\\/portal\\\/a-empresa\\\/\",\"url\":\"https:\\\/\\\/imunibraz.com.br\\\/portal\\\/a-empresa\\\/\",\"name\":\"A empresa - Imunibraz\",\"isPartOf\":{\"@id\":\"https:\\\/\\\/imunibraz.com.br\\\/portal\\\/#website\"},\"datePublished\":\"2022-04-25T13:43:11+00:00\",\"dateModified\":\"2022-04-25T13:43:29+00:00\",\"breadcrumb\":{\"@id\":\"https:\\\/\\\/imunibraz.com.br\\\/portal\\\/a-empresa\\\/#breadcrumb\"},\"inLanguage\":\"pt-BR\",\"potentialAction\":[{\"@type\":\"ReadAction\",\"target\":[\"https:\\\/\\\/imunibraz.com.br\\\/portal\\\/a-empresa\\\/\"]}]},{\"@type\":\"BreadcrumbList\",\"@id\":\"https:\\\/\\\/imunibraz.com.br\\\/portal\\\/a-empresa\\\/#breadcrumb\",\"itemListElement\":[{\"@type\":\"ListItem\",\"position\":1,\"name\":\"In\u00edcio\",\"item\":\"https:\\\/\\\/imunibraz.com.br\\\/portal\\\/\"},{\"@type\":\"ListItem\",\"position\":2,\"name\":\"A empresa\"}]},{\"@type\":\"WebSite\",\"@id\":\"https:\\\/\\\/imunibraz.com.br\\\/portal\\\/#website\",\"url\":\"https:\\\/\\\/imunibraz.com.br\\\/portal\\\/\",\"name\":\"Imunibraz\",\"description\":\"Dedetiza\u00e7\u00e3o Comercial\",\"publisher\":{\"@id\":\"https:\\\/\\\/imunibraz.com.br\\\/portal\\\/#organization\"},\"potentialAction\":[{\"@type\":\"SearchAction\",\"target\":{\"@type\":\"EntryPoint\",\"urlTemplate\":\"https:\\\/\\\/imunibraz.com.br\\\/portal\\\/?s={search_term_string}\"},\"query-input\":{\"@type\":\"PropertyValueSpecification\",\"valueRequired\":true,\"valueName\":\"search_term_string\"}}],\"inLanguage\":\"pt-BR\"},{\"@type\":\"Organization\",\"@id\":\"https:\\\/\\\/imunibraz.com.br\\\/portal\\\/#organization\",\"name\":\"Imunibraz\",\"url\":\"https:\\\/\\\/imunibraz.com.br\\\/portal\\\/\",\"logo\":{\"@type\":\"ImageObject\",\"inLanguage\":\"pt-BR\",\"@id\":\"https:\\\/\\\/imunibraz.com.br\\\/portal\\\/#\\\/schema\\\/logo\\\/image\\\/\",\"url\":\"https:\\\/\\\/imunibraz.com.br\\\/portal\\\/wp-content\\\/uploads\\\/2021\\\/09\\\/cropped-cropped-Logo-pronto.png\",\"contentUrl\":\"https:\\\/\\\/imunibraz.com.br\\\/portal\\\/wp-content\\\/uploads\\\/2021\\\/09\\\/cropped-cropped-Logo-pronto.png\",\"width\":512,\"height\":512,\"caption\":\"Imunibraz\"},\"image\":{\"@id\":\"https:\\\/\\\/imunibraz.com.br\\\/portal\\\/#\\\/schema\\\/logo\\\/image\\\/\"}}]}<\/script>\n<!-- \/ Yoast SEO plugin. -->","yoast_head_json":{"title":"A empresa - Imunibraz","robots":{"index":"index","follow":"follow","max-snippet":"max-snippet:-1","max-image-preview":"max-image-preview:large","max-video-preview":"max-video-preview:-1"},"canonical":"https:\/\/imunibraz.com.br\/portal\/a-empresa\/","og_locale":"pt_BR","og_type":"article","og_title":"A empresa - Imunibraz","og_description":"APRESENTA\u00c7\u00c3O A EMPRESA IMUNI-BRAZ- DEDETIZA\u00c7\u00c3O COMERCIAL LTDA- EXISTE NO MERCADO DESDE 1969, FOI CRIADA PARA GARANTIR O BEM ESTAR DA POPULA\u00c7\u00c3O E DAS ORGANIZA\u00c7\u00d5ES. H\u00c1 MAIS DE 44 ANOS CONTRIBUINDO SIGNICATIVAMENTE COM O CONTROLE DE PRAGAS URBANAS, OFERECENDO SERVI\u00c7OS E SOLU\u00c7\u00d5ES INTEGRADAS A SEUS CLIENTES, GARANTINDO QUALIDADE TRANQUILIDADE E EFIC\u00c1CIA. A EMPRESA PARTICIPOU COMO EXPOSITORA [&hellip;]","og_url":"https:\/\/imunibraz.com.br\/portal\/a-empresa\/","og_site_name":"Imunibraz","article_modified_time":"2022-04-25T13:43:29+00:00","twitter_card":"summary_large_image","twitter_misc":{"Est. tempo de leitura":"4 minutos"},"schema":{"@context":"https:\/\/schema.org","@graph":[{"@type":"WebPage","@id":"https:\/\/imunibraz.com.br\/portal\/a-empresa\/","url":"https:\/\/imunibraz.com.br\/portal\/a-empresa\/","name":"A empresa - Imunibraz","isPartOf":{"@id":"https:\/\/imunibraz.com.br\/portal\/#website"},"datePublished":"2022-04-25T13:43:11+00:00","dateModified":"2022-04-25T13:43:29+00:00","breadcrumb":{"@id":"https:\/\/imunibraz.com.br\/portal\/a-empresa\/#breadcrumb"},"inLanguage":"pt-BR","potentialAction":[{"@type":"ReadAction","target":["https:\/\/imunibraz.com.br\/portal\/a-empresa\/"]}]},{"@type":"BreadcrumbList","@id":"https:\/\/imunibraz.com.br\/portal\/a-empresa\/#breadcrumb","itemListElement":[{"@type":"ListItem","position":1,"name":"In\u00edcio","item":"https:\/\/imunibraz.com.br\/portal\/"},{"@type":"ListItem","position":2,"name":"A empresa"}]},{"@type":"WebSite","@id":"https:\/\/imunibraz.com.br\/portal\/#website","url":"https:\/\/imunibraz.com.br\/portal\/","name":"Imunibraz","description":"Dedetiza\u00e7\u00e3o Comercial","publisher":{"@id":"https:\/\/imunibraz.com.br\/portal\/#organization"},"potentialAction":[{"@type":"SearchAction","target":{"@type":"EntryPoint","urlTemplate":"https:\/\/imunibraz.com.br\/portal\/?s={search_term_string}"},"query-input":{"@type":"PropertyValueSpecification","valueRequired":true,"valueName":"search_term_string"}}],"inLanguage":"pt-BR"},{"@type":"Organization","@id":"https:\/\/imunibraz.com.br\/portal\/#organization","name":"Imunibraz","url":"https:\/\/imunibraz.com.br\/portal\/","logo":{"@type":"ImageObject","inLanguage":"pt-BR","@id":"https:\/\/imunibraz.com.br\/portal\/#\/schema\/logo\/image\/","url":"https:\/\/imunibraz.com.br\/portal\/wp-content\/uploads\/2021\/09\/cropped-cropped-Logo-pronto.png","contentUrl":"https:\/\/imunibraz.com.br\/portal\/wp-content\/uploads\/2021\/09\/cropped-cropped-Logo-pronto.png","width":512,"height":512,"caption":"Imunibraz"},"image":{"@id":"https:\/\/imunibraz.com.br\/portal\/#\/schema\/logo\/image\/"}}]}},"_links":{"self":[{"href":"https:\/\/imunibraz.com.br\/portal\/wp-json\/wp\/v2\/pages\/110","targetHints":{"allow":["GET"]}}],"collection":[{"href":"https:\/\/imunibraz.com.br\/portal\/wp-json\/wp\/v2\/pages"}],"about":[{"href":"https:\/\/imunibraz.com.br\/portal\/wp-json\/wp\/v2\/types\/page"}],"author":[{"embeddable":true,"href":"https:\/\/imunibraz.com.br\/portal\/wp-json\/wp\/v2\/users\/1"}],"replies":[{"embeddable":true,"href":"https:\/\/imunibraz.com.br\/portal\/wp-json\/wp\/v2\/comments?post=110"}],"version-history":[{"count":1,"href":"https:\/\/imunibraz.com.br\/portal\/wp-json\/wp\/v2\/pages\/110\/revisions"}],"predecessor-version":[{"id":111,"href":"https:\/\/imunibraz.com.br\/portal\/wp-json\/wp\/v2\/pages\/110\/revisions\/111"}],"wp:attachment":[{"href":"https:\/\/imunibraz.com.br\/portal\/wp-json\/wp\/v2\/media?parent=110"}],"curies":[{"name":"wp","href":"https:\/\/api.w.org\/{rel}","templated":true}]}}