{"id":42,"date":"2021-10-28T15:37:13","date_gmt":"2021-10-28T18:37:13","guid":{"rendered":"https:\/\/imunibraz.com.br\/portal\/?page_id=42"},"modified":"2022-01-17T11:27:20","modified_gmt":"2022-01-17T14:27:20","slug":"roedores","status":"publish","type":"page","link":"https:\/\/imunibraz.com.br\/portal\/roedores\/","title":{"rendered":"Roedores"},"content":{"rendered":"\n<p id=\"E45\"><strong>A Import\u00e2ncia do controle de roedores<\/strong><\/p>\n\n\n\n<p id=\"E47\">Manter o ambiente livre de roedores significa reduzir a propaga\u00e7\u00e3o de doen\u00e7as<\/p>\n\n\n\n<p id=\"E49\">Ocasionadas por essas pragas, como: tifo, Salmonelose, triquinose, hantavirose, leptospirose, entre outras. Os roedores tamb\u00e9m podem causar muitos danos a materiais, constru\u00e7\u00f5es e m\u00e1quinas, podendo facilmente contaminar produtos e alimentos<\/p>\n\n\n\n<p id=\"E56\">Para o controle efetivo dos roedores, e imprescind\u00edvel o conhecimento de sua biologia e comportamento. Desta forma, pode-se definir a melhor estrat\u00e9gia de controle.<\/p>\n","protected":false},"excerpt":{"rendered":"<p>A Import\u00e2ncia do controle de roedores Manter o ambiente livre de roedores significa reduzir a propaga\u00e7\u00e3o de doen\u00e7as Ocasionadas por essas pragas, como: tifo, Salmonelose, triquinose, hantavirose, leptospirose, entre outras. Os roedores tamb\u00e9m podem causar muitos danos a materiais, constru\u00e7\u00f5es e m\u00e1quinas, podendo facilmente contaminar produtos e alimentos Para o controle efetivo dos roedores, e [&hellip;]<\/p>\n","protected":false},"author":1,"featured_media":84,"parent":0,"menu_order":0,"comment_status":"closed","ping_status":"closed","template":"template-fullwidth.php","meta":{"footnotes":""},"class_list":["post-42","page","type-page","status-publish","has-post-thumbnail","hentry"],"yoast_head":"<!-- This site is optimized with the Yoast SEO plugin v27.3 - https:\/\/yoast.com\/product\/yoast-seo-wordpress\/ -->\n<title>Roedores - Imunibraz<\/title>\n<meta name=\"robots\" content=\"index, follow, max-snippet:-1, max-image-preview:large, max-video-preview:-1\" \/>\n<link rel=\"canonical\" href=\"https:\/\/imunibraz.com.br\/portal\/roedores\/\" \/>\n<meta property=\"og:locale\" content=\"pt_BR\" \/>\n<meta property=\"og:type\" content=\"article\" \/>\n<meta property=\"og:title\" content=\"Roedores - Imunibraz\" \/>\n<meta property=\"og:description\" content=\"A Import\u00e2ncia do controle de roedores Manter o ambiente livre de roedores significa reduzir a propaga\u00e7\u00e3o de doen\u00e7as Ocasionadas por essas pragas, como: tifo, Salmonelose, triquinose, hantavirose, leptospirose, entre outras. Os roedores tamb\u00e9m podem causar muitos danos a materiais, constru\u00e7\u00f5es e m\u00e1quinas, podendo facilmente contaminar produtos e alimentos Para o controle efetivo dos roedores, e [&hellip;]\" \/>\n<meta property=\"og:url\" content=\"https:\/\/imunibraz.com.br\/portal\/roedores\/\" \/>\n<meta property=\"og:site_name\" content=\"Imunibraz\" \/>\n<meta property=\"article:modified_time\" content=\"2022-01-17T14:27:20+00:00\" \/>\n<meta property=\"og:image\" content=\"http:\/\/imunibraz.com.br\/portal\/wp-content\/uploads\/2022\/01\/mouse-ga5f41c31f_1920.jpg\" \/>\n\t<meta property=\"og:image:width\" content=\"1920\" \/>\n\t<meta property=\"og:image:height\" content=\"872\" \/>\n\t<meta property=\"og:image:type\" content=\"image\/jpeg\" \/>\n<meta name=\"twitter:card\" content=\"summary_large_image\" \/>\n<meta name=\"twitter:label1\" content=\"Est. tempo de leitura\" \/>\n\t<meta name=\"twitter:data1\" content=\"1 minuto\" \/>\n<script type=\"application\/ld+json\" class=\"yoast-schema-graph\">{\"@context\":\"https:\\\/\\\/schema.org\",\"@graph\":[{\"@type\":\"WebPage\",\"@id\":\"https:\\\/\\\/imunibraz.com.br\\\/portal\\\/roedores\\\/\",\"url\":\"https:\\\/\\\/imunibraz.com.br\\\/portal\\\/roedores\\\/\",\"name\":\"Roedores - Imunibraz\",\"isPartOf\":{\"@id\":\"https:\\\/\\\/imunibraz.com.br\\\/portal\\\/#website\"},\"primaryImageOfPage\":{\"@id\":\"https:\\\/\\\/imunibraz.com.br\\\/portal\\\/roedores\\\/#primaryimage\"},\"image\":{\"@id\":\"https:\\\/\\\/imunibraz.com.br\\\/portal\\\/roedores\\\/#primaryimage\"},\"thumbnailUrl\":\"https:\\\/\\\/imunibraz.com.br\\\/portal\\\/wp-content\\\/uploads\\\/2022\\\/01\\\/mouse-ga5f41c31f_1920.jpg\",\"datePublished\":\"2021-10-28T18:37:13+00:00\",\"dateModified\":\"2022-01-17T14:27:20+00:00\",\"breadcrumb\":{\"@id\":\"https:\\\/\\\/imunibraz.com.br\\\/portal\\\/roedores\\\/#breadcrumb\"},\"inLanguage\":\"pt-BR\",\"potentialAction\":[{\"@type\":\"ReadAction\",\"target\":[\"https:\\\/\\\/imunibraz.com.br\\\/portal\\\/roedores\\\/\"]}]},{\"@type\":\"ImageObject\",\"inLanguage\":\"pt-BR\",\"@id\":\"https:\\\/\\\/imunibraz.com.br\\\/portal\\\/roedores\\\/#primaryimage\",\"url\":\"https:\\\/\\\/imunibraz.com.br\\\/portal\\\/wp-content\\\/uploads\\\/2022\\\/01\\\/mouse-ga5f41c31f_1920.jpg\",\"contentUrl\":\"https:\\\/\\\/imunibraz.com.br\\\/portal\\\/wp-content\\\/uploads\\\/2022\\\/01\\\/mouse-ga5f41c31f_1920.jpg\",\"width\":1920,\"height\":872,\"caption\":\"Rato\"},{\"@type\":\"BreadcrumbList\",\"@id\":\"https:\\\/\\\/imunibraz.com.br\\\/portal\\\/roedores\\\/#breadcrumb\",\"itemListElement\":[{\"@type\":\"ListItem\",\"position\":1,\"name\":\"In\u00edcio\",\"item\":\"https:\\\/\\\/imunibraz.com.br\\\/portal\\\/\"},{\"@type\":\"ListItem\",\"position\":2,\"name\":\"Roedores\"}]},{\"@type\":\"WebSite\",\"@id\":\"https:\\\/\\\/imunibraz.com.br\\\/portal\\\/#website\",\"url\":\"https:\\\/\\\/imunibraz.com.br\\\/portal\\\/\",\"name\":\"Imunibraz\",\"description\":\"Dedetiza\u00e7\u00e3o Comercial\",\"publisher\":{\"@id\":\"https:\\\/\\\/imunibraz.com.br\\\/portal\\\/#organization\"},\"potentialAction\":[{\"@type\":\"SearchAction\",\"target\":{\"@type\":\"EntryPoint\",\"urlTemplate\":\"https:\\\/\\\/imunibraz.com.br\\\/portal\\\/?s={search_term_string}\"},\"query-input\":{\"@type\":\"PropertyValueSpecification\",\"valueRequired\":true,\"valueName\":\"search_term_string\"}}],\"inLanguage\":\"pt-BR\"},{\"@type\":\"Organization\",\"@id\":\"https:\\\/\\\/imunibraz.com.br\\\/portal\\\/#organization\",\"name\":\"Imunibraz\",\"url\":\"https:\\\/\\\/imunibraz.com.br\\\/portal\\\/\",\"logo\":{\"@type\":\"ImageObject\",\"inLanguage\":\"pt-BR\",\"@id\":\"https:\\\/\\\/imunibraz.com.br\\\/portal\\\/#\\\/schema\\\/logo\\\/image\\\/\",\"url\":\"https:\\\/\\\/imunibraz.com.br\\\/portal\\\/wp-content\\\/uploads\\\/2021\\\/09\\\/cropped-cropped-Logo-pronto.png\",\"contentUrl\":\"https:\\\/\\\/imunibraz.com.br\\\/portal\\\/wp-content\\\/uploads\\\/2021\\\/09\\\/cropped-cropped-Logo-pronto.png\",\"width\":512,\"height\":512,\"caption\":\"Imunibraz\"},\"image\":{\"@id\":\"https:\\\/\\\/imunibraz.com.br\\\/portal\\\/#\\\/schema\\\/logo\\\/image\\\/\"}}]}<\/script>\n<!-- \/ Yoast SEO plugin. -->","yoast_head_json":{"title":"Roedores - Imunibraz","robots":{"index":"index","follow":"follow","max-snippet":"max-snippet:-1","max-image-preview":"max-image-preview:large","max-video-preview":"max-video-preview:-1"},"canonical":"https:\/\/imunibraz.com.br\/portal\/roedores\/","og_locale":"pt_BR","og_type":"article","og_title":"Roedores - Imunibraz","og_description":"A Import\u00e2ncia do controle de roedores Manter o ambiente livre de roedores significa reduzir a propaga\u00e7\u00e3o de doen\u00e7as Ocasionadas por essas pragas, como: tifo, Salmonelose, triquinose, hantavirose, leptospirose, entre outras. Os roedores tamb\u00e9m podem causar muitos danos a materiais, constru\u00e7\u00f5es e m\u00e1quinas, podendo facilmente contaminar produtos e alimentos Para o controle efetivo dos roedores, e [&hellip;]","og_url":"https:\/\/imunibraz.com.br\/portal\/roedores\/","og_site_name":"Imunibraz","article_modified_time":"2022-01-17T14:27:20+00:00","og_image":[{"width":1920,"height":872,"url":"http:\/\/imunibraz.com.br\/portal\/wp-content\/uploads\/2022\/01\/mouse-ga5f41c31f_1920.jpg","type":"image\/jpeg"}],"twitter_card":"summary_large_image","twitter_misc":{"Est. tempo de leitura":"1 minuto"},"schema":{"@context":"https:\/\/schema.org","@graph":[{"@type":"WebPage","@id":"https:\/\/imunibraz.com.br\/portal\/roedores\/","url":"https:\/\/imunibraz.com.br\/portal\/roedores\/","name":"Roedores - Imunibraz","isPartOf":{"@id":"https:\/\/imunibraz.com.br\/portal\/#website"},"primaryImageOfPage":{"@id":"https:\/\/imunibraz.com.br\/portal\/roedores\/#primaryimage"},"image":{"@id":"https:\/\/imunibraz.com.br\/portal\/roedores\/#primaryimage"},"thumbnailUrl":"https:\/\/imunibraz.com.br\/portal\/wp-content\/uploads\/2022\/01\/mouse-ga5f41c31f_1920.jpg","datePublished":"2021-10-28T18:37:13+00:00","dateModified":"2022-01-17T14:27:20+00:00","breadcrumb":{"@id":"https:\/\/imunibraz.com.br\/portal\/roedores\/#breadcrumb"},"inLanguage":"pt-BR","potentialAction":[{"@type":"ReadAction","target":["https:\/\/imunibraz.com.br\/portal\/roedores\/"]}]},{"@type":"ImageObject","inLanguage":"pt-BR","@id":"https:\/\/imunibraz.com.br\/portal\/roedores\/#primaryimage","url":"https:\/\/imunibraz.com.br\/portal\/wp-content\/uploads\/2022\/01\/mouse-ga5f41c31f_1920.jpg","contentUrl":"https:\/\/imunibraz.com.br\/portal\/wp-content\/uploads\/2022\/01\/mouse-ga5f41c31f_1920.jpg","width":1920,"height":872,"caption":"Rato"},{"@type":"BreadcrumbList","@id":"https:\/\/imunibraz.com.br\/portal\/roedores\/#breadcrumb","itemListElement":[{"@type":"ListItem","position":1,"name":"In\u00edcio","item":"https:\/\/imunibraz.com.br\/portal\/"},{"@type":"ListItem","position":2,"name":"Roedores"}]},{"@type":"WebSite","@id":"https:\/\/imunibraz.com.br\/portal\/#website","url":"https:\/\/imunibraz.com.br\/portal\/","name":"Imunibraz","description":"Dedetiza\u00e7\u00e3o Comercial","publisher":{"@id":"https:\/\/imunibraz.com.br\/portal\/#organization"},"potentialAction":[{"@type":"SearchAction","target":{"@type":"EntryPoint","urlTemplate":"https:\/\/imunibraz.com.br\/portal\/?s={search_term_string}"},"query-input":{"@type":"PropertyValueSpecification","valueRequired":true,"valueName":"search_term_string"}}],"inLanguage":"pt-BR"},{"@type":"Organization","@id":"https:\/\/imunibraz.com.br\/portal\/#organization","name":"Imunibraz","url":"https:\/\/imunibraz.com.br\/portal\/","logo":{"@type":"ImageObject","inLanguage":"pt-BR","@id":"https:\/\/imunibraz.com.br\/portal\/#\/schema\/logo\/image\/","url":"https:\/\/imunibraz.com.br\/portal\/wp-content\/uploads\/2021\/09\/cropped-cropped-Logo-pronto.png","contentUrl":"https:\/\/imunibraz.com.br\/portal\/wp-content\/uploads\/2021\/09\/cropped-cropped-Logo-pronto.png","width":512,"height":512,"caption":"Imunibraz"},"image":{"@id":"https:\/\/imunibraz.com.br\/portal\/#\/schema\/logo\/image\/"}}]}},"_links":{"self":[{"href":"https:\/\/imunibraz.com.br\/portal\/wp-json\/wp\/v2\/pages\/42","targetHints":{"allow":["GET"]}}],"collection":[{"href":"https:\/\/imunibraz.com.br\/portal\/wp-json\/wp\/v2\/pages"}],"about":[{"href":"https:\/\/imunibraz.com.br\/portal\/wp-json\/wp\/v2\/types\/page"}],"author":[{"embeddable":true,"href":"https:\/\/imunibraz.com.br\/portal\/wp-json\/wp\/v2\/users\/1"}],"replies":[{"embeddable":true,"href":"https:\/\/imunibraz.com.br\/portal\/wp-json\/wp\/v2\/comments?post=42"}],"version-history":[{"count":3,"href":"https:\/\/imunibraz.com.br\/portal\/wp-json\/wp\/v2\/pages\/42\/revisions"}],"predecessor-version":[{"id":83,"href":"https:\/\/imunibraz.com.br\/portal\/wp-json\/wp\/v2\/pages\/42\/revisions\/83"}],"wp:featuredmedia":[{"embeddable":true,"href":"https:\/\/imunibraz.com.br\/portal\/wp-json\/wp\/v2\/media\/84"}],"wp:attachment":[{"href":"https:\/\/imunibraz.com.br\/portal\/wp-json\/wp\/v2\/media?parent=42"}],"curies":[{"name":"wp","href":"https:\/\/api.w.org\/{rel}","templated":true}]}}