{"id":46,"date":"2021-10-28T15:39:58","date_gmt":"2021-10-28T18:39:58","guid":{"rendered":"https:\/\/imunibraz.com.br\/portal\/?page_id=46"},"modified":"2022-04-25T10:44:01","modified_gmt":"2022-04-25T13:44:01","slug":"baratas","status":"publish","type":"page","link":"https:\/\/imunibraz.com.br\/portal\/baratas\/","title":{"rendered":"Baratas"},"content":{"rendered":"\n<p id=\"E44\">Excel\u00eancia na Dedetiza\u00e7\u00e3o, a Imuni Braz tem como solu\u00e7\u00f5es para o combate de pragas urbanas, tais como baratas, tra\u00e7as, pulgas, formigas, aranhas, escorpi\u00f5es, utilizando m\u00e9todos para efeitos de choque, desalojar, e residual. Produtos sem odor, bem como o Gel para Baratas ou Formigas, que evitam a remo\u00e7\u00e3o de pessoas e animais.<\/p>\n\n\n\n<p id=\"E63\">A visita t\u00e9cnica considera segmentos de mercado, regi\u00e3o e per\u00edmetro, condi\u00e7\u00f5es das constru\u00e7\u00f5es e espa\u00e7os, e os tipos de pragas infestante.<\/p>\n\n\n\n<p id=\"E80\">Em seguida da escolha do m\u00e9todo, a Desinsetiza\u00e7\u00e3o combate as pragas e oferece um conjunto de solu\u00e7\u00f5es preventivas para garantir a efici\u00eancia do trabalho.<\/p>\n\n\n\n<p id=\"E88\">Colocamos \u00e0 disposi\u00e7\u00e3o Assist\u00eancia t\u00e9cnica no per\u00edodo de garantia dos servi\u00e7os \u2013 associa\u00e7\u00e3o de t\u00e9cnicas e servi\u00e7os peri\u00f3dicos de ampla cobertura no combate \u00e0s pragas, que trar\u00e1 mais tranquilidade \u00e0 sua cl\u00ednica, casa, loja, condom\u00ednio, escrit\u00f3rio, academia, sal\u00e3o de beleza, padaria, galp\u00e3o, restaurantes, com\u00e9rcio em geral e ind\u00fastria.<\/p>\n\n\n\n<p id=\"E98\">Entre em contato, temos a solu\u00e7\u00e3o para cuidar do bem-estar da sua empresa e da sua fam\u00edlia.<\/p>\n","protected":false},"excerpt":{"rendered":"<p>Excel\u00eancia na Dedetiza\u00e7\u00e3o, a Imuni Braz tem como solu\u00e7\u00f5es para o combate de pragas urbanas, tais como baratas, tra\u00e7as, pulgas, formigas, aranhas, escorpi\u00f5es, utilizando m\u00e9todos para efeitos de choque, desalojar, e residual. Produtos sem odor, bem como o Gel para Baratas ou Formigas, que evitam a remo\u00e7\u00e3o de pessoas e animais. A visita t\u00e9cnica considera [&hellip;]<\/p>\n","protected":false},"author":1,"featured_media":100,"parent":0,"menu_order":0,"comment_status":"closed","ping_status":"closed","template":"template-fullwidth.php","meta":{"footnotes":""},"class_list":["post-46","page","type-page","status-publish","has-post-thumbnail","hentry"],"yoast_head":"<!-- This site is optimized with the Yoast SEO plugin v27.3 - https:\/\/yoast.com\/product\/yoast-seo-wordpress\/ -->\n<title>Baratas - Imunibraz<\/title>\n<meta name=\"robots\" content=\"index, follow, max-snippet:-1, max-image-preview:large, max-video-preview:-1\" \/>\n<link rel=\"canonical\" href=\"https:\/\/imunibraz.com.br\/portal\/baratas\/\" \/>\n<meta property=\"og:locale\" content=\"pt_BR\" \/>\n<meta property=\"og:type\" content=\"article\" \/>\n<meta property=\"og:title\" content=\"Baratas - Imunibraz\" \/>\n<meta property=\"og:description\" content=\"Excel\u00eancia na Dedetiza\u00e7\u00e3o, a Imuni Braz tem como solu\u00e7\u00f5es para o combate de pragas urbanas, tais como baratas, tra\u00e7as, pulgas, formigas, aranhas, escorpi\u00f5es, utilizando m\u00e9todos para efeitos de choque, desalojar, e residual. Produtos sem odor, bem como o Gel para Baratas ou Formigas, que evitam a remo\u00e7\u00e3o de pessoas e animais. A visita t\u00e9cnica considera [&hellip;]\" \/>\n<meta property=\"og:url\" content=\"https:\/\/imunibraz.com.br\/portal\/baratas\/\" \/>\n<meta property=\"og:site_name\" content=\"Imunibraz\" \/>\n<meta property=\"article:modified_time\" content=\"2022-04-25T13:44:01+00:00\" \/>\n<meta property=\"og:image\" content=\"http:\/\/imunibraz.com.br\/portal\/wp-content\/uploads\/2022\/02\/cockroach-g8fc784ea9_1920.jpg\" \/>\n\t<meta property=\"og:image:width\" content=\"1920\" \/>\n\t<meta property=\"og:image:height\" content=\"1080\" \/>\n\t<meta property=\"og:image:type\" content=\"image\/jpeg\" \/>\n<meta name=\"twitter:card\" content=\"summary_large_image\" \/>\n<meta name=\"twitter:label1\" content=\"Est. tempo de leitura\" \/>\n\t<meta name=\"twitter:data1\" content=\"1 minuto\" \/>\n<script type=\"application\/ld+json\" class=\"yoast-schema-graph\">{\"@context\":\"https:\\\/\\\/schema.org\",\"@graph\":[{\"@type\":\"WebPage\",\"@id\":\"https:\\\/\\\/imunibraz.com.br\\\/portal\\\/baratas\\\/\",\"url\":\"https:\\\/\\\/imunibraz.com.br\\\/portal\\\/baratas\\\/\",\"name\":\"Baratas - Imunibraz\",\"isPartOf\":{\"@id\":\"https:\\\/\\\/imunibraz.com.br\\\/portal\\\/#website\"},\"primaryImageOfPage\":{\"@id\":\"https:\\\/\\\/imunibraz.com.br\\\/portal\\\/baratas\\\/#primaryimage\"},\"image\":{\"@id\":\"https:\\\/\\\/imunibraz.com.br\\\/portal\\\/baratas\\\/#primaryimage\"},\"thumbnailUrl\":\"https:\\\/\\\/imunibraz.com.br\\\/portal\\\/wp-content\\\/uploads\\\/2022\\\/02\\\/cockroach-g8fc784ea9_1920.jpg\",\"datePublished\":\"2021-10-28T18:39:58+00:00\",\"dateModified\":\"2022-04-25T13:44:01+00:00\",\"breadcrumb\":{\"@id\":\"https:\\\/\\\/imunibraz.com.br\\\/portal\\\/baratas\\\/#breadcrumb\"},\"inLanguage\":\"pt-BR\",\"potentialAction\":[{\"@type\":\"ReadAction\",\"target\":[\"https:\\\/\\\/imunibraz.com.br\\\/portal\\\/baratas\\\/\"]}]},{\"@type\":\"ImageObject\",\"inLanguage\":\"pt-BR\",\"@id\":\"https:\\\/\\\/imunibraz.com.br\\\/portal\\\/baratas\\\/#primaryimage\",\"url\":\"https:\\\/\\\/imunibraz.com.br\\\/portal\\\/wp-content\\\/uploads\\\/2022\\\/02\\\/cockroach-g8fc784ea9_1920.jpg\",\"contentUrl\":\"https:\\\/\\\/imunibraz.com.br\\\/portal\\\/wp-content\\\/uploads\\\/2022\\\/02\\\/cockroach-g8fc784ea9_1920.jpg\",\"width\":1920,\"height\":1080,\"caption\":\"Barata\"},{\"@type\":\"BreadcrumbList\",\"@id\":\"https:\\\/\\\/imunibraz.com.br\\\/portal\\\/baratas\\\/#breadcrumb\",\"itemListElement\":[{\"@type\":\"ListItem\",\"position\":1,\"name\":\"In\u00edcio\",\"item\":\"https:\\\/\\\/imunibraz.com.br\\\/portal\\\/\"},{\"@type\":\"ListItem\",\"position\":2,\"name\":\"Baratas\"}]},{\"@type\":\"WebSite\",\"@id\":\"https:\\\/\\\/imunibraz.com.br\\\/portal\\\/#website\",\"url\":\"https:\\\/\\\/imunibraz.com.br\\\/portal\\\/\",\"name\":\"Imunibraz\",\"description\":\"Dedetiza\u00e7\u00e3o Comercial\",\"publisher\":{\"@id\":\"https:\\\/\\\/imunibraz.com.br\\\/portal\\\/#organization\"},\"potentialAction\":[{\"@type\":\"SearchAction\",\"target\":{\"@type\":\"EntryPoint\",\"urlTemplate\":\"https:\\\/\\\/imunibraz.com.br\\\/portal\\\/?s={search_term_string}\"},\"query-input\":{\"@type\":\"PropertyValueSpecification\",\"valueRequired\":true,\"valueName\":\"search_term_string\"}}],\"inLanguage\":\"pt-BR\"},{\"@type\":\"Organization\",\"@id\":\"https:\\\/\\\/imunibraz.com.br\\\/portal\\\/#organization\",\"name\":\"Imunibraz\",\"url\":\"https:\\\/\\\/imunibraz.com.br\\\/portal\\\/\",\"logo\":{\"@type\":\"ImageObject\",\"inLanguage\":\"pt-BR\",\"@id\":\"https:\\\/\\\/imunibraz.com.br\\\/portal\\\/#\\\/schema\\\/logo\\\/image\\\/\",\"url\":\"https:\\\/\\\/imunibraz.com.br\\\/portal\\\/wp-content\\\/uploads\\\/2021\\\/09\\\/cropped-cropped-Logo-pronto.png\",\"contentUrl\":\"https:\\\/\\\/imunibraz.com.br\\\/portal\\\/wp-content\\\/uploads\\\/2021\\\/09\\\/cropped-cropped-Logo-pronto.png\",\"width\":512,\"height\":512,\"caption\":\"Imunibraz\"},\"image\":{\"@id\":\"https:\\\/\\\/imunibraz.com.br\\\/portal\\\/#\\\/schema\\\/logo\\\/image\\\/\"}}]}<\/script>\n<!-- \/ Yoast SEO plugin. -->","yoast_head_json":{"title":"Baratas - Imunibraz","robots":{"index":"index","follow":"follow","max-snippet":"max-snippet:-1","max-image-preview":"max-image-preview:large","max-video-preview":"max-video-preview:-1"},"canonical":"https:\/\/imunibraz.com.br\/portal\/baratas\/","og_locale":"pt_BR","og_type":"article","og_title":"Baratas - Imunibraz","og_description":"Excel\u00eancia na Dedetiza\u00e7\u00e3o, a Imuni Braz tem como solu\u00e7\u00f5es para o combate de pragas urbanas, tais como baratas, tra\u00e7as, pulgas, formigas, aranhas, escorpi\u00f5es, utilizando m\u00e9todos para efeitos de choque, desalojar, e residual. Produtos sem odor, bem como o Gel para Baratas ou Formigas, que evitam a remo\u00e7\u00e3o de pessoas e animais. A visita t\u00e9cnica considera [&hellip;]","og_url":"https:\/\/imunibraz.com.br\/portal\/baratas\/","og_site_name":"Imunibraz","article_modified_time":"2022-04-25T13:44:01+00:00","og_image":[{"width":1920,"height":1080,"url":"http:\/\/imunibraz.com.br\/portal\/wp-content\/uploads\/2022\/02\/cockroach-g8fc784ea9_1920.jpg","type":"image\/jpeg"}],"twitter_card":"summary_large_image","twitter_misc":{"Est. tempo de leitura":"1 minuto"},"schema":{"@context":"https:\/\/schema.org","@graph":[{"@type":"WebPage","@id":"https:\/\/imunibraz.com.br\/portal\/baratas\/","url":"https:\/\/imunibraz.com.br\/portal\/baratas\/","name":"Baratas - Imunibraz","isPartOf":{"@id":"https:\/\/imunibraz.com.br\/portal\/#website"},"primaryImageOfPage":{"@id":"https:\/\/imunibraz.com.br\/portal\/baratas\/#primaryimage"},"image":{"@id":"https:\/\/imunibraz.com.br\/portal\/baratas\/#primaryimage"},"thumbnailUrl":"https:\/\/imunibraz.com.br\/portal\/wp-content\/uploads\/2022\/02\/cockroach-g8fc784ea9_1920.jpg","datePublished":"2021-10-28T18:39:58+00:00","dateModified":"2022-04-25T13:44:01+00:00","breadcrumb":{"@id":"https:\/\/imunibraz.com.br\/portal\/baratas\/#breadcrumb"},"inLanguage":"pt-BR","potentialAction":[{"@type":"ReadAction","target":["https:\/\/imunibraz.com.br\/portal\/baratas\/"]}]},{"@type":"ImageObject","inLanguage":"pt-BR","@id":"https:\/\/imunibraz.com.br\/portal\/baratas\/#primaryimage","url":"https:\/\/imunibraz.com.br\/portal\/wp-content\/uploads\/2022\/02\/cockroach-g8fc784ea9_1920.jpg","contentUrl":"https:\/\/imunibraz.com.br\/portal\/wp-content\/uploads\/2022\/02\/cockroach-g8fc784ea9_1920.jpg","width":1920,"height":1080,"caption":"Barata"},{"@type":"BreadcrumbList","@id":"https:\/\/imunibraz.com.br\/portal\/baratas\/#breadcrumb","itemListElement":[{"@type":"ListItem","position":1,"name":"In\u00edcio","item":"https:\/\/imunibraz.com.br\/portal\/"},{"@type":"ListItem","position":2,"name":"Baratas"}]},{"@type":"WebSite","@id":"https:\/\/imunibraz.com.br\/portal\/#website","url":"https:\/\/imunibraz.com.br\/portal\/","name":"Imunibraz","description":"Dedetiza\u00e7\u00e3o Comercial","publisher":{"@id":"https:\/\/imunibraz.com.br\/portal\/#organization"},"potentialAction":[{"@type":"SearchAction","target":{"@type":"EntryPoint","urlTemplate":"https:\/\/imunibraz.com.br\/portal\/?s={search_term_string}"},"query-input":{"@type":"PropertyValueSpecification","valueRequired":true,"valueName":"search_term_string"}}],"inLanguage":"pt-BR"},{"@type":"Organization","@id":"https:\/\/imunibraz.com.br\/portal\/#organization","name":"Imunibraz","url":"https:\/\/imunibraz.com.br\/portal\/","logo":{"@type":"ImageObject","inLanguage":"pt-BR","@id":"https:\/\/imunibraz.com.br\/portal\/#\/schema\/logo\/image\/","url":"https:\/\/imunibraz.com.br\/portal\/wp-content\/uploads\/2021\/09\/cropped-cropped-Logo-pronto.png","contentUrl":"https:\/\/imunibraz.com.br\/portal\/wp-content\/uploads\/2021\/09\/cropped-cropped-Logo-pronto.png","width":512,"height":512,"caption":"Imunibraz"},"image":{"@id":"https:\/\/imunibraz.com.br\/portal\/#\/schema\/logo\/image\/"}}]}},"_links":{"self":[{"href":"https:\/\/imunibraz.com.br\/portal\/wp-json\/wp\/v2\/pages\/46","targetHints":{"allow":["GET"]}}],"collection":[{"href":"https:\/\/imunibraz.com.br\/portal\/wp-json\/wp\/v2\/pages"}],"about":[{"href":"https:\/\/imunibraz.com.br\/portal\/wp-json\/wp\/v2\/types\/page"}],"author":[{"embeddable":true,"href":"https:\/\/imunibraz.com.br\/portal\/wp-json\/wp\/v2\/users\/1"}],"replies":[{"embeddable":true,"href":"https:\/\/imunibraz.com.br\/portal\/wp-json\/wp\/v2\/comments?post=46"}],"version-history":[{"count":2,"href":"https:\/\/imunibraz.com.br\/portal\/wp-json\/wp\/v2\/pages\/46\/revisions"}],"predecessor-version":[{"id":101,"href":"https:\/\/imunibraz.com.br\/portal\/wp-json\/wp\/v2\/pages\/46\/revisions\/101"}],"wp:featuredmedia":[{"embeddable":true,"href":"https:\/\/imunibraz.com.br\/portal\/wp-json\/wp\/v2\/media\/100"}],"wp:attachment":[{"href":"https:\/\/imunibraz.com.br\/portal\/wp-json\/wp\/v2\/media?parent=46"}],"curies":[{"name":"wp","href":"https:\/\/api.w.org\/{rel}","templated":true}]}}