{"id":48,"date":"2021-10-28T15:41:43","date_gmt":"2021-10-28T18:41:43","guid":{"rendered":"https:\/\/imunibraz.com.br\/portal\/?page_id=48"},"modified":"2022-04-25T10:44:11","modified_gmt":"2022-04-25T13:44:11","slug":"cupins","status":"publish","type":"page","link":"https:\/\/imunibraz.com.br\/portal\/cupins\/","title":{"rendered":"Cupins"},"content":{"rendered":"\n<p>DESCUPINIZA\u00c7\u00c3O<br>Na descupiniza\u00e7\u00e3o, os t\u00e9cnicos fazem uma an\u00e1lise onde identificam o problema existente, ent\u00e3o a metodologia utilizada no local sobre o tipo de cupim que est\u00e1 lhe trazendo preju\u00edzos, direcionaremos o tipo de tratamento que devera ser usado, atrav\u00e9s dos nossos equipamentos de uso profissional adequado. Todos os produtos utilizados s\u00e3o autorizados pela vigil\u00e2ncia sanit\u00e1ria (Anvisa), para que possamos tratar o problema com seguran\u00e7a e efic\u00e1cia.<\/p>\n","protected":false},"excerpt":{"rendered":"<p>DESCUPINIZA\u00c7\u00c3ONa descupiniza\u00e7\u00e3o, os t\u00e9cnicos fazem uma an\u00e1lise onde identificam o problema existente, ent\u00e3o a metodologia utilizada no local sobre o tipo de cupim que est\u00e1 lhe trazendo preju\u00edzos, direcionaremos o tipo de tratamento que devera ser usado, atrav\u00e9s dos nossos equipamentos de uso profissional adequado. Todos os produtos utilizados s\u00e3o autorizados pela vigil\u00e2ncia sanit\u00e1ria (Anvisa), [&hellip;]<\/p>\n","protected":false},"author":1,"featured_media":0,"parent":0,"menu_order":0,"comment_status":"closed","ping_status":"closed","template":"template-fullwidth.php","meta":{"footnotes":""},"class_list":["post-48","page","type-page","status-publish","hentry"],"yoast_head":"<!-- This site is optimized with the Yoast SEO plugin v27.3 - https:\/\/yoast.com\/product\/yoast-seo-wordpress\/ -->\n<title>Cupins - Imunibraz<\/title>\n<meta name=\"robots\" content=\"index, follow, max-snippet:-1, max-image-preview:large, max-video-preview:-1\" \/>\n<link rel=\"canonical\" href=\"https:\/\/imunibraz.com.br\/portal\/cupins\/\" \/>\n<meta property=\"og:locale\" content=\"pt_BR\" \/>\n<meta property=\"og:type\" content=\"article\" \/>\n<meta property=\"og:title\" content=\"Cupins - Imunibraz\" \/>\n<meta property=\"og:description\" content=\"DESCUPINIZA\u00c7\u00c3ONa descupiniza\u00e7\u00e3o, os t\u00e9cnicos fazem uma an\u00e1lise onde identificam o problema existente, ent\u00e3o a metodologia utilizada no local sobre o tipo de cupim que est\u00e1 lhe trazendo preju\u00edzos, direcionaremos o tipo de tratamento que devera ser usado, atrav\u00e9s dos nossos equipamentos de uso profissional adequado. Todos os produtos utilizados s\u00e3o autorizados pela vigil\u00e2ncia sanit\u00e1ria (Anvisa), [&hellip;]\" \/>\n<meta property=\"og:url\" content=\"https:\/\/imunibraz.com.br\/portal\/cupins\/\" \/>\n<meta property=\"og:site_name\" content=\"Imunibraz\" \/>\n<meta property=\"article:modified_time\" content=\"2022-04-25T13:44:11+00:00\" \/>\n<meta name=\"twitter:card\" content=\"summary_large_image\" \/>\n<meta name=\"twitter:label1\" content=\"Est. tempo de leitura\" \/>\n\t<meta name=\"twitter:data1\" content=\"1 minuto\" \/>\n<script type=\"application\/ld+json\" class=\"yoast-schema-graph\">{\"@context\":\"https:\\\/\\\/schema.org\",\"@graph\":[{\"@type\":\"WebPage\",\"@id\":\"https:\\\/\\\/imunibraz.com.br\\\/portal\\\/cupins\\\/\",\"url\":\"https:\\\/\\\/imunibraz.com.br\\\/portal\\\/cupins\\\/\",\"name\":\"Cupins - Imunibraz\",\"isPartOf\":{\"@id\":\"https:\\\/\\\/imunibraz.com.br\\\/portal\\\/#website\"},\"datePublished\":\"2021-10-28T18:41:43+00:00\",\"dateModified\":\"2022-04-25T13:44:11+00:00\",\"breadcrumb\":{\"@id\":\"https:\\\/\\\/imunibraz.com.br\\\/portal\\\/cupins\\\/#breadcrumb\"},\"inLanguage\":\"pt-BR\",\"potentialAction\":[{\"@type\":\"ReadAction\",\"target\":[\"https:\\\/\\\/imunibraz.com.br\\\/portal\\\/cupins\\\/\"]}]},{\"@type\":\"BreadcrumbList\",\"@id\":\"https:\\\/\\\/imunibraz.com.br\\\/portal\\\/cupins\\\/#breadcrumb\",\"itemListElement\":[{\"@type\":\"ListItem\",\"position\":1,\"name\":\"In\u00edcio\",\"item\":\"https:\\\/\\\/imunibraz.com.br\\\/portal\\\/\"},{\"@type\":\"ListItem\",\"position\":2,\"name\":\"Cupins\"}]},{\"@type\":\"WebSite\",\"@id\":\"https:\\\/\\\/imunibraz.com.br\\\/portal\\\/#website\",\"url\":\"https:\\\/\\\/imunibraz.com.br\\\/portal\\\/\",\"name\":\"Imunibraz\",\"description\":\"Dedetiza\u00e7\u00e3o Comercial\",\"publisher\":{\"@id\":\"https:\\\/\\\/imunibraz.com.br\\\/portal\\\/#organization\"},\"potentialAction\":[{\"@type\":\"SearchAction\",\"target\":{\"@type\":\"EntryPoint\",\"urlTemplate\":\"https:\\\/\\\/imunibraz.com.br\\\/portal\\\/?s={search_term_string}\"},\"query-input\":{\"@type\":\"PropertyValueSpecification\",\"valueRequired\":true,\"valueName\":\"search_term_string\"}}],\"inLanguage\":\"pt-BR\"},{\"@type\":\"Organization\",\"@id\":\"https:\\\/\\\/imunibraz.com.br\\\/portal\\\/#organization\",\"name\":\"Imunibraz\",\"url\":\"https:\\\/\\\/imunibraz.com.br\\\/portal\\\/\",\"logo\":{\"@type\":\"ImageObject\",\"inLanguage\":\"pt-BR\",\"@id\":\"https:\\\/\\\/imunibraz.com.br\\\/portal\\\/#\\\/schema\\\/logo\\\/image\\\/\",\"url\":\"https:\\\/\\\/imunibraz.com.br\\\/portal\\\/wp-content\\\/uploads\\\/2021\\\/09\\\/cropped-cropped-Logo-pronto.png\",\"contentUrl\":\"https:\\\/\\\/imunibraz.com.br\\\/portal\\\/wp-content\\\/uploads\\\/2021\\\/09\\\/cropped-cropped-Logo-pronto.png\",\"width\":512,\"height\":512,\"caption\":\"Imunibraz\"},\"image\":{\"@id\":\"https:\\\/\\\/imunibraz.com.br\\\/portal\\\/#\\\/schema\\\/logo\\\/image\\\/\"}}]}<\/script>\n<!-- \/ Yoast SEO plugin. -->","yoast_head_json":{"title":"Cupins - Imunibraz","robots":{"index":"index","follow":"follow","max-snippet":"max-snippet:-1","max-image-preview":"max-image-preview:large","max-video-preview":"max-video-preview:-1"},"canonical":"https:\/\/imunibraz.com.br\/portal\/cupins\/","og_locale":"pt_BR","og_type":"article","og_title":"Cupins - Imunibraz","og_description":"DESCUPINIZA\u00c7\u00c3ONa descupiniza\u00e7\u00e3o, os t\u00e9cnicos fazem uma an\u00e1lise onde identificam o problema existente, ent\u00e3o a metodologia utilizada no local sobre o tipo de cupim que est\u00e1 lhe trazendo preju\u00edzos, direcionaremos o tipo de tratamento que devera ser usado, atrav\u00e9s dos nossos equipamentos de uso profissional adequado. Todos os produtos utilizados s\u00e3o autorizados pela vigil\u00e2ncia sanit\u00e1ria (Anvisa), [&hellip;]","og_url":"https:\/\/imunibraz.com.br\/portal\/cupins\/","og_site_name":"Imunibraz","article_modified_time":"2022-04-25T13:44:11+00:00","twitter_card":"summary_large_image","twitter_misc":{"Est. tempo de leitura":"1 minuto"},"schema":{"@context":"https:\/\/schema.org","@graph":[{"@type":"WebPage","@id":"https:\/\/imunibraz.com.br\/portal\/cupins\/","url":"https:\/\/imunibraz.com.br\/portal\/cupins\/","name":"Cupins - Imunibraz","isPartOf":{"@id":"https:\/\/imunibraz.com.br\/portal\/#website"},"datePublished":"2021-10-28T18:41:43+00:00","dateModified":"2022-04-25T13:44:11+00:00","breadcrumb":{"@id":"https:\/\/imunibraz.com.br\/portal\/cupins\/#breadcrumb"},"inLanguage":"pt-BR","potentialAction":[{"@type":"ReadAction","target":["https:\/\/imunibraz.com.br\/portal\/cupins\/"]}]},{"@type":"BreadcrumbList","@id":"https:\/\/imunibraz.com.br\/portal\/cupins\/#breadcrumb","itemListElement":[{"@type":"ListItem","position":1,"name":"In\u00edcio","item":"https:\/\/imunibraz.com.br\/portal\/"},{"@type":"ListItem","position":2,"name":"Cupins"}]},{"@type":"WebSite","@id":"https:\/\/imunibraz.com.br\/portal\/#website","url":"https:\/\/imunibraz.com.br\/portal\/","name":"Imunibraz","description":"Dedetiza\u00e7\u00e3o Comercial","publisher":{"@id":"https:\/\/imunibraz.com.br\/portal\/#organization"},"potentialAction":[{"@type":"SearchAction","target":{"@type":"EntryPoint","urlTemplate":"https:\/\/imunibraz.com.br\/portal\/?s={search_term_string}"},"query-input":{"@type":"PropertyValueSpecification","valueRequired":true,"valueName":"search_term_string"}}],"inLanguage":"pt-BR"},{"@type":"Organization","@id":"https:\/\/imunibraz.com.br\/portal\/#organization","name":"Imunibraz","url":"https:\/\/imunibraz.com.br\/portal\/","logo":{"@type":"ImageObject","inLanguage":"pt-BR","@id":"https:\/\/imunibraz.com.br\/portal\/#\/schema\/logo\/image\/","url":"https:\/\/imunibraz.com.br\/portal\/wp-content\/uploads\/2021\/09\/cropped-cropped-Logo-pronto.png","contentUrl":"https:\/\/imunibraz.com.br\/portal\/wp-content\/uploads\/2021\/09\/cropped-cropped-Logo-pronto.png","width":512,"height":512,"caption":"Imunibraz"},"image":{"@id":"https:\/\/imunibraz.com.br\/portal\/#\/schema\/logo\/image\/"}}]}},"_links":{"self":[{"href":"https:\/\/imunibraz.com.br\/portal\/wp-json\/wp\/v2\/pages\/48","targetHints":{"allow":["GET"]}}],"collection":[{"href":"https:\/\/imunibraz.com.br\/portal\/wp-json\/wp\/v2\/pages"}],"about":[{"href":"https:\/\/imunibraz.com.br\/portal\/wp-json\/wp\/v2\/types\/page"}],"author":[{"embeddable":true,"href":"https:\/\/imunibraz.com.br\/portal\/wp-json\/wp\/v2\/users\/1"}],"replies":[{"embeddable":true,"href":"https:\/\/imunibraz.com.br\/portal\/wp-json\/wp\/v2\/comments?post=48"}],"version-history":[{"count":3,"href":"https:\/\/imunibraz.com.br\/portal\/wp-json\/wp\/v2\/pages\/48\/revisions"}],"predecessor-version":[{"id":108,"href":"https:\/\/imunibraz.com.br\/portal\/wp-json\/wp\/v2\/pages\/48\/revisions\/108"}],"wp:attachment":[{"href":"https:\/\/imunibraz.com.br\/portal\/wp-json\/wp\/v2\/media?parent=48"}],"curies":[{"name":"wp","href":"https:\/\/api.w.org\/{rel}","templated":true}]}}