{"id":69,"date":"2021-11-09T17:21:49","date_gmt":"2021-11-09T20:21:49","guid":{"rendered":"https:\/\/imunibraz.com.br\/portal\/?page_id=69"},"modified":"2022-04-25T10:44:26","modified_gmt":"2022-04-25T13:44:26","slug":"tracas","status":"publish","type":"page","link":"https:\/\/imunibraz.com.br\/portal\/tracas\/","title":{"rendered":"Tra\u00e7as"},"content":{"rendered":"\n<p>As&nbsp;<strong>tra\u00e7as<\/strong>&nbsp;s\u00e3o uma importante&nbsp;praga urbana, que re\u00fane insetos de diferentes ordens.<\/p>\n\n\n\n<p>As&nbsp;tra\u00e7as&nbsp;de livros&nbsp;pertencem \u00e0 ordem&nbsp;<em>Thysanura<\/em>. J\u00e1, as&nbsp;tra\u00e7as de roupas&nbsp;e as tra\u00e7as&nbsp;produtos armazenados&nbsp;pertencem \u00e0 ordem&nbsp;lepid\u00f3ptera&nbsp;(borboletas e mariposas). Existem tamb\u00e9m&nbsp;tra\u00e7as&nbsp;que atacam frutas, cultivos agr\u00edcolas e at\u00e9 cera das abelhas.<\/p>\n\n\n\n<p>A ordem de&nbsp;tra\u00e7a&nbsp;Thysanura&nbsp;est\u00e1 dividida em 370 esp\u00e9cies. Estas&nbsp;tra\u00e7as&nbsp;n\u00e3o possuem asas e possuem o corpo alongado, tendo 2 ou 3 filamentos caudais.<\/p>\n\n\n\n<p>As&nbsp;tra\u00e7as&nbsp;s\u00e3o on\u00edvoras e alimentam-se de uma diversidade de alimentos que abrange desde farinhas at\u00e9 papel e tecidos.<\/p>\n\n\n\n<p>Elas possuem h\u00e1bitos noturnos e gostam de ambientes escuros e \u00famidos.<\/p>\n\n\n\n<p>Algumas dessas&nbsp;tra\u00e7as&nbsp;t\u00eam prefer\u00eancia por alimentos amil\u00e1ceos, alimentando-se de livros, suas lombadas, etiquetas, al\u00e9m de tecidos e roupas.<\/p>\n\n\n\n<p>Em ambientes como livrarias, bibliotecas, tecelagens e lojas de tecidos, as&nbsp;tra\u00e7as&nbsp;devem ser monitoradas com extremo cuidado, pois podem provocar grandes preju\u00edzos.<\/p>\n\n\n\n<p>As&nbsp;tra\u00e7as&nbsp;Thysanura&nbsp;passam pelas fases de ovo que d\u00e3o origem \u00e0s formas jovens, muito semelhantes aos adultos. Em seguida, passam pela pupa e seguem para a fase adulta, que difere basicamente pelo tamanho e maturidade sexual. Uma&nbsp;tra\u00e7a&nbsp;pode viver 4 anos.<\/p>\n\n\n\n<p>Dentro da ordem&nbsp;Lepid\u00f3ptera, n\u00f3s temos as&nbsp;tra\u00e7as de roupa&nbsp;que t\u00eam as fases de vida bem definidas. Ou seja, do ovo eclodem larvas que posteriormente passam para fase de pupa e, em seguida, passam pela fase adulta, transformando-se em pequenas mariposas, que em algumas esp\u00e9cies tecem um casulo fusiforme que lhe servir\u00e1 como prote\u00e7\u00e3o.<\/p>\n\n\n\n<p>Estas&nbsp;tra\u00e7as&nbsp;alimentam-se com voracidade de uma grande diversidade de tecidos.<\/p>\n\n\n\n<p>Tamb\u00e9m entre os&nbsp;Lepid\u00f3pteros&nbsp;temos as&nbsp;tra\u00e7as de produtos armazenados, que abrange uma grande quantidade de alimentos, desde cereais, leguminosas, oleaginosas, frutas secas, biscoitos, etc.<\/p>\n\n\n\n<p>Al\u00e9m de consumir parte dos alimentos onde s\u00e3o encontradas, acabam danificando e contaminando-os com partes de seus corpos, asas, fezes, fios de seda semelhantes a teias, ou seja, provocam grandes preju\u00edzos aos produtos estocados.<\/p>\n\n\n\n<h5 class=\"wp-block-heading\">Controle<\/h5>\n\n\n\n<p>A equipe da Biodoca \u00e9 treinada e especialista neste tipo de trabalho. Para mais informa\u00e7\u00f5es entre em contato conosco.<\/p>\n","protected":false},"excerpt":{"rendered":"<p>As&nbsp;tra\u00e7as&nbsp;s\u00e3o uma importante&nbsp;praga urbana, que re\u00fane insetos de diferentes ordens. As&nbsp;tra\u00e7as&nbsp;de livros&nbsp;pertencem \u00e0 ordem&nbsp;Thysanura. J\u00e1, as&nbsp;tra\u00e7as de roupas&nbsp;e as tra\u00e7as&nbsp;produtos armazenados&nbsp;pertencem \u00e0 ordem&nbsp;lepid\u00f3ptera&nbsp;(borboletas e mariposas). Existem tamb\u00e9m&nbsp;tra\u00e7as&nbsp;que atacam frutas, cultivos agr\u00edcolas e at\u00e9 cera das abelhas. A ordem de&nbsp;tra\u00e7a&nbsp;Thysanura&nbsp;est\u00e1 dividida em 370 esp\u00e9cies. Estas&nbsp;tra\u00e7as&nbsp;n\u00e3o possuem asas e possuem o corpo alongado, tendo 2 ou 3 [&hellip;]<\/p>\n","protected":false},"author":1,"featured_media":0,"parent":0,"menu_order":0,"comment_status":"closed","ping_status":"closed","template":"template-fullwidth.php","meta":{"footnotes":""},"class_list":["post-69","page","type-page","status-publish","hentry"],"yoast_head":"<!-- This site is optimized with the Yoast SEO plugin v27.3 - https:\/\/yoast.com\/product\/yoast-seo-wordpress\/ -->\n<title>Tra\u00e7as - Imunibraz<\/title>\n<meta name=\"robots\" content=\"index, follow, max-snippet:-1, max-image-preview:large, max-video-preview:-1\" \/>\n<link rel=\"canonical\" href=\"https:\/\/imunibraz.com.br\/portal\/tracas\/\" \/>\n<meta property=\"og:locale\" content=\"pt_BR\" \/>\n<meta property=\"og:type\" content=\"article\" \/>\n<meta property=\"og:title\" content=\"Tra\u00e7as - Imunibraz\" \/>\n<meta property=\"og:description\" content=\"As&nbsp;tra\u00e7as&nbsp;s\u00e3o uma importante&nbsp;praga urbana, que re\u00fane insetos de diferentes ordens. As&nbsp;tra\u00e7as&nbsp;de livros&nbsp;pertencem \u00e0 ordem&nbsp;Thysanura. J\u00e1, as&nbsp;tra\u00e7as de roupas&nbsp;e as tra\u00e7as&nbsp;produtos armazenados&nbsp;pertencem \u00e0 ordem&nbsp;lepid\u00f3ptera&nbsp;(borboletas e mariposas). Existem tamb\u00e9m&nbsp;tra\u00e7as&nbsp;que atacam frutas, cultivos agr\u00edcolas e at\u00e9 cera das abelhas. A ordem de&nbsp;tra\u00e7a&nbsp;Thysanura&nbsp;est\u00e1 dividida em 370 esp\u00e9cies. Estas&nbsp;tra\u00e7as&nbsp;n\u00e3o possuem asas e possuem o corpo alongado, tendo 2 ou 3 [&hellip;]\" \/>\n<meta property=\"og:url\" content=\"https:\/\/imunibraz.com.br\/portal\/tracas\/\" \/>\n<meta property=\"og:site_name\" content=\"Imunibraz\" \/>\n<meta property=\"article:modified_time\" content=\"2022-04-25T13:44:26+00:00\" \/>\n<meta name=\"twitter:card\" content=\"summary_large_image\" \/>\n<meta name=\"twitter:label1\" content=\"Est. tempo de leitura\" \/>\n\t<meta name=\"twitter:data1\" content=\"2 minutos\" \/>\n<script type=\"application\/ld+json\" class=\"yoast-schema-graph\">{\"@context\":\"https:\\\/\\\/schema.org\",\"@graph\":[{\"@type\":\"WebPage\",\"@id\":\"https:\\\/\\\/imunibraz.com.br\\\/portal\\\/tracas\\\/\",\"url\":\"https:\\\/\\\/imunibraz.com.br\\\/portal\\\/tracas\\\/\",\"name\":\"Tra\u00e7as - Imunibraz\",\"isPartOf\":{\"@id\":\"https:\\\/\\\/imunibraz.com.br\\\/portal\\\/#website\"},\"datePublished\":\"2021-11-09T20:21:49+00:00\",\"dateModified\":\"2022-04-25T13:44:26+00:00\",\"breadcrumb\":{\"@id\":\"https:\\\/\\\/imunibraz.com.br\\\/portal\\\/tracas\\\/#breadcrumb\"},\"inLanguage\":\"pt-BR\",\"potentialAction\":[{\"@type\":\"ReadAction\",\"target\":[\"https:\\\/\\\/imunibraz.com.br\\\/portal\\\/tracas\\\/\"]}]},{\"@type\":\"BreadcrumbList\",\"@id\":\"https:\\\/\\\/imunibraz.com.br\\\/portal\\\/tracas\\\/#breadcrumb\",\"itemListElement\":[{\"@type\":\"ListItem\",\"position\":1,\"name\":\"In\u00edcio\",\"item\":\"https:\\\/\\\/imunibraz.com.br\\\/portal\\\/\"},{\"@type\":\"ListItem\",\"position\":2,\"name\":\"Tra\u00e7as\"}]},{\"@type\":\"WebSite\",\"@id\":\"https:\\\/\\\/imunibraz.com.br\\\/portal\\\/#website\",\"url\":\"https:\\\/\\\/imunibraz.com.br\\\/portal\\\/\",\"name\":\"Imunibraz\",\"description\":\"Dedetiza\u00e7\u00e3o Comercial\",\"publisher\":{\"@id\":\"https:\\\/\\\/imunibraz.com.br\\\/portal\\\/#organization\"},\"potentialAction\":[{\"@type\":\"SearchAction\",\"target\":{\"@type\":\"EntryPoint\",\"urlTemplate\":\"https:\\\/\\\/imunibraz.com.br\\\/portal\\\/?s={search_term_string}\"},\"query-input\":{\"@type\":\"PropertyValueSpecification\",\"valueRequired\":true,\"valueName\":\"search_term_string\"}}],\"inLanguage\":\"pt-BR\"},{\"@type\":\"Organization\",\"@id\":\"https:\\\/\\\/imunibraz.com.br\\\/portal\\\/#organization\",\"name\":\"Imunibraz\",\"url\":\"https:\\\/\\\/imunibraz.com.br\\\/portal\\\/\",\"logo\":{\"@type\":\"ImageObject\",\"inLanguage\":\"pt-BR\",\"@id\":\"https:\\\/\\\/imunibraz.com.br\\\/portal\\\/#\\\/schema\\\/logo\\\/image\\\/\",\"url\":\"https:\\\/\\\/imunibraz.com.br\\\/portal\\\/wp-content\\\/uploads\\\/2021\\\/09\\\/cropped-cropped-Logo-pronto.png\",\"contentUrl\":\"https:\\\/\\\/imunibraz.com.br\\\/portal\\\/wp-content\\\/uploads\\\/2021\\\/09\\\/cropped-cropped-Logo-pronto.png\",\"width\":512,\"height\":512,\"caption\":\"Imunibraz\"},\"image\":{\"@id\":\"https:\\\/\\\/imunibraz.com.br\\\/portal\\\/#\\\/schema\\\/logo\\\/image\\\/\"}}]}<\/script>\n<!-- \/ Yoast SEO plugin. -->","yoast_head_json":{"title":"Tra\u00e7as - Imunibraz","robots":{"index":"index","follow":"follow","max-snippet":"max-snippet:-1","max-image-preview":"max-image-preview:large","max-video-preview":"max-video-preview:-1"},"canonical":"https:\/\/imunibraz.com.br\/portal\/tracas\/","og_locale":"pt_BR","og_type":"article","og_title":"Tra\u00e7as - Imunibraz","og_description":"As&nbsp;tra\u00e7as&nbsp;s\u00e3o uma importante&nbsp;praga urbana, que re\u00fane insetos de diferentes ordens. As&nbsp;tra\u00e7as&nbsp;de livros&nbsp;pertencem \u00e0 ordem&nbsp;Thysanura. J\u00e1, as&nbsp;tra\u00e7as de roupas&nbsp;e as tra\u00e7as&nbsp;produtos armazenados&nbsp;pertencem \u00e0 ordem&nbsp;lepid\u00f3ptera&nbsp;(borboletas e mariposas). Existem tamb\u00e9m&nbsp;tra\u00e7as&nbsp;que atacam frutas, cultivos agr\u00edcolas e at\u00e9 cera das abelhas. A ordem de&nbsp;tra\u00e7a&nbsp;Thysanura&nbsp;est\u00e1 dividida em 370 esp\u00e9cies. Estas&nbsp;tra\u00e7as&nbsp;n\u00e3o possuem asas e possuem o corpo alongado, tendo 2 ou 3 [&hellip;]","og_url":"https:\/\/imunibraz.com.br\/portal\/tracas\/","og_site_name":"Imunibraz","article_modified_time":"2022-04-25T13:44:26+00:00","twitter_card":"summary_large_image","twitter_misc":{"Est. tempo de leitura":"2 minutos"},"schema":{"@context":"https:\/\/schema.org","@graph":[{"@type":"WebPage","@id":"https:\/\/imunibraz.com.br\/portal\/tracas\/","url":"https:\/\/imunibraz.com.br\/portal\/tracas\/","name":"Tra\u00e7as - Imunibraz","isPartOf":{"@id":"https:\/\/imunibraz.com.br\/portal\/#website"},"datePublished":"2021-11-09T20:21:49+00:00","dateModified":"2022-04-25T13:44:26+00:00","breadcrumb":{"@id":"https:\/\/imunibraz.com.br\/portal\/tracas\/#breadcrumb"},"inLanguage":"pt-BR","potentialAction":[{"@type":"ReadAction","target":["https:\/\/imunibraz.com.br\/portal\/tracas\/"]}]},{"@type":"BreadcrumbList","@id":"https:\/\/imunibraz.com.br\/portal\/tracas\/#breadcrumb","itemListElement":[{"@type":"ListItem","position":1,"name":"In\u00edcio","item":"https:\/\/imunibraz.com.br\/portal\/"},{"@type":"ListItem","position":2,"name":"Tra\u00e7as"}]},{"@type":"WebSite","@id":"https:\/\/imunibraz.com.br\/portal\/#website","url":"https:\/\/imunibraz.com.br\/portal\/","name":"Imunibraz","description":"Dedetiza\u00e7\u00e3o Comercial","publisher":{"@id":"https:\/\/imunibraz.com.br\/portal\/#organization"},"potentialAction":[{"@type":"SearchAction","target":{"@type":"EntryPoint","urlTemplate":"https:\/\/imunibraz.com.br\/portal\/?s={search_term_string}"},"query-input":{"@type":"PropertyValueSpecification","valueRequired":true,"valueName":"search_term_string"}}],"inLanguage":"pt-BR"},{"@type":"Organization","@id":"https:\/\/imunibraz.com.br\/portal\/#organization","name":"Imunibraz","url":"https:\/\/imunibraz.com.br\/portal\/","logo":{"@type":"ImageObject","inLanguage":"pt-BR","@id":"https:\/\/imunibraz.com.br\/portal\/#\/schema\/logo\/image\/","url":"https:\/\/imunibraz.com.br\/portal\/wp-content\/uploads\/2021\/09\/cropped-cropped-Logo-pronto.png","contentUrl":"https:\/\/imunibraz.com.br\/portal\/wp-content\/uploads\/2021\/09\/cropped-cropped-Logo-pronto.png","width":512,"height":512,"caption":"Imunibraz"},"image":{"@id":"https:\/\/imunibraz.com.br\/portal\/#\/schema\/logo\/image\/"}}]}},"_links":{"self":[{"href":"https:\/\/imunibraz.com.br\/portal\/wp-json\/wp\/v2\/pages\/69","targetHints":{"allow":["GET"]}}],"collection":[{"href":"https:\/\/imunibraz.com.br\/portal\/wp-json\/wp\/v2\/pages"}],"about":[{"href":"https:\/\/imunibraz.com.br\/portal\/wp-json\/wp\/v2\/types\/page"}],"author":[{"embeddable":true,"href":"https:\/\/imunibraz.com.br\/portal\/wp-json\/wp\/v2\/users\/1"}],"replies":[{"embeddable":true,"href":"https:\/\/imunibraz.com.br\/portal\/wp-json\/wp\/v2\/comments?post=69"}],"version-history":[{"count":1,"href":"https:\/\/imunibraz.com.br\/portal\/wp-json\/wp\/v2\/pages\/69\/revisions"}],"predecessor-version":[{"id":70,"href":"https:\/\/imunibraz.com.br\/portal\/wp-json\/wp\/v2\/pages\/69\/revisions\/70"}],"wp:attachment":[{"href":"https:\/\/imunibraz.com.br\/portal\/wp-json\/wp\/v2\/media?parent=69"}],"curies":[{"name":"wp","href":"https:\/\/api.w.org\/{rel}","templated":true}]}}